{"id":3943,"date":"2025-03-11T23:45:49","date_gmt":"2025-03-11T22:45:49","guid":{"rendered":"https:\/\/johnleehookerjr.com\/?post_type=product&#038;p=3943"},"modified":"2025-03-11T23:45:49","modified_gmt":"2025-03-11T22:45:49","slug":"blues-with-a-vengeance","status":"publish","type":"product","link":"https:\/\/johnleehookerjr.com\/de\/produkt\/blues-with-a-vengeance","title":{"rendered":"Blues with a Vengeance"},"content":{"rendered":"<p>\"Blues with a Vengeance\" ist das Deb\u00fct-Studioalbum von John Lee Hooker Jr., das am 20. April 2004 ver\u00f6ffentlicht wurde. Das Album enth\u00e4lt zw\u00f6lf Tracks, darunter Cover-Versionen der Klassiker seines Vaters und ein St\u00fcck von T-Bone Walker. Hooker Jr.s moderner Blues-Stil ist im gesamten Album deutlich erkennbar. Das Album erhielt viel Lob von der Kritik und wurde f\u00fcr einen Grammy Award in der Kategorie \"Traditional Blues Album\" sowie f\u00fcr einen W.C. Handy Award als \"Best New Artist Debut\" nominiert.<\/p>\n<p><strong>Trackliste: <\/strong>Suspicious, Check Yourself, Blues Ain\u2019t Nothin&#8217; But a Pimp, Dimples, She Wasn\u2019t Nothin&#8217; But a Devil, Boom Boom, Keep It Real, I\u2019m Leavin&#8217;, Goin&#8217; Down To Baghdad, Stormy Monday, Groove Thang, One Bourbon, One Scotch, One Beer<\/p>","protected":false},"excerpt":{"rendered":"<p>Blues with a Vengeance by John Lee Hooker Jr., released in 2004, blends traditional and contemporary blues, earning Grammy and W.C. Handy Award nominations.<\/p>","protected":false},"featured_media":377,"comment_status":"closed","ping_status":"closed","template":"","meta":{"_acf_changed":false,"site-sidebar-layout":"default","site-content-layout":"","ast-site-content-layout":"default","site-content-style":"default","site-sidebar-style":"default","ast-global-header-display":"","ast-banner-title-visibility":"","ast-main-header-display":"","ast-hfb-above-header-display":"","ast-hfb-below-header-display":"","ast-hfb-mobile-header-display":"","site-post-title":"","ast-breadcrumbs-content":"","ast-featured-img":"","footer-sml-layout":"","theme-transparent-header-meta":"default","adv-header-id-meta":"","stick-header-meta":"","header-above-stick-meta":"","header-main-stick-meta":"","header-below-stick-meta":"","astra-migrate-meta-layouts":"set","ast-page-background-enabled":"default","ast-page-background-meta":{"desktop":{"background-color":"var(--ast-global-color-5)","background-image":"","background-repeat":"repeat","background-position":"center center","background-size":"auto","background-attachment":"scroll","background-type":"","background-media":"","overlay-type":"","overlay-color":"","overlay-opacity":"","overlay-gradient":""},"tablet":{"background-color":"","background-image":"","background-repeat":"repeat","background-position":"center center","background-size":"auto","background-attachment":"scroll","background-type":"","background-media":"","overlay-type":"","overlay-color":"","overlay-opacity":"","overlay-gradient":""},"mobile":{"background-color":"","background-image":"","background-repeat":"repeat","background-position":"center center","background-size":"auto","background-attachment":"scroll","background-type":"","background-media":"","overlay-type":"","overlay-color":"","overlay-opacity":"","overlay-gradient":""}},"ast-content-background-meta":{"desktop":{"background-color":"var(--ast-global-color-4)","background-image":"","background-repeat":"repeat","background-position":"center center","background-size":"auto","background-attachment":"scroll","background-type":"","background-media":"","overlay-type":"","overlay-color":"","overlay-opacity":"","overlay-gradient":""},"tablet":{"background-color":"var(--ast-global-color-4)","background-image":"","background-repeat":"repeat","background-position":"center center","background-size":"auto","background-attachment":"scroll","background-type":"","background-media":"","overlay-type":"","overlay-color":"","overlay-opacity":"","overlay-gradient":""},"mobile":{"background-color":"var(--ast-global-color-4)","background-image":"","background-repeat":"repeat","background-position":"center center","background-size":"auto","background-attachment":"scroll","background-type":"","background-media":"","overlay-type":"","overlay-color":"","overlay-opacity":"","overlay-gradient":""}}},"product_brand":[],"product_cat":[56],"product_tag":[],"class_list":{"0":"post-3943","1":"product","2":"type-product","3":"status-publish","4":"has-post-thumbnail","6":"product_cat-uncategorized","7":"desktop-align-left","8":"tablet-align-left","9":"mobile-align-left","11":"first","12":"instock","13":"shipping-taxable","14":"purchasable","15":"product-type-simple"},"acf":[],"_links":{"self":[{"href":"https:\/\/johnleehookerjr.com\/de\/wp-json\/wp\/v2\/product\/3943","targetHints":{"allow":["GET"]}}],"collection":[{"href":"https:\/\/johnleehookerjr.com\/de\/wp-json\/wp\/v2\/product"}],"about":[{"href":"https:\/\/johnleehookerjr.com\/de\/wp-json\/wp\/v2\/types\/product"}],"replies":[{"embeddable":true,"href":"https:\/\/johnleehookerjr.com\/de\/wp-json\/wp\/v2\/comments?post=3943"}],"wp:featuredmedia":[{"embeddable":true,"href":"https:\/\/johnleehookerjr.com\/de\/wp-json\/wp\/v2\/media\/377"}],"wp:attachment":[{"href":"https:\/\/johnleehookerjr.com\/de\/wp-json\/wp\/v2\/media?parent=3943"}],"wp:term":[{"taxonomy":"product_brand","embeddable":true,"href":"https:\/\/johnleehookerjr.com\/de\/wp-json\/wp\/v2\/product_brand?post=3943"},{"taxonomy":"product_cat","embeddable":true,"href":"https:\/\/johnleehookerjr.com\/de\/wp-json\/wp\/v2\/product_cat?post=3943"},{"taxonomy":"product_tag","embeddable":true,"href":"https:\/\/johnleehookerjr.com\/de\/wp-json\/wp\/v2\/product_tag?post=3943"}],"curies":[{"name":"wp","href":"https:\/\/api.w.org\/{rel}","templated":true}]}}