{"id":3919,"date":"2025-03-08T15:14:14","date_gmt":"2025-03-08T14:14:14","guid":{"rendered":"https:\/\/johnleehookerjr.com\/?post_type=product&#038;p=3919"},"modified":"2025-03-08T15:14:14","modified_gmt":"2025-03-08T14:14:14","slug":"all-odds-against-me","status":"publish","type":"product","link":"https:\/\/johnleehookerjr.com\/de\/produkt\/all-odds-against-me","title":{"rendered":"All Odds Against Me"},"content":{"rendered":"<p>\"All Odds Against Me\" ist das dritte Studioalbum von Reverend John Lee Hooker Jr., das am 19. August 2008 ver\u00f6ffentlicht wurde. Das Album kombiniert Chicago-Blues mit Funk und R&amp;B und enth\u00e4lt zw\u00f6lf Originaltracks, darunter \u201eExtramarital Affair\u201c und \u201eOne Eye Open\u201c. Ein herausragender Track, \u201eBlues Ain\u2019t Nothin\u2019 But a Pimp\u201c, wurde mit einem animierten Musikvideo neu interpretiert, das 2009 einen Webby Award f\u00fcr Spezialeffekte gewann.<\/p>\n<p><strong>Trackliste: <\/strong>Dear John, Extra-marital Affair, One Eye Open, I miss you so, I\u2019ve got your Back, Pay Day, Stressed Out, There\u2019s a Struggle, Old School, Blues Aint\u2019t Nothin&#8217; But a Pimp, The People want a Change, That be the Blues<\/p>","protected":false},"excerpt":{"rendered":"<p>All Odds Against Me by Reverend John Lee Hooker Jr. blends modern blues with funk and R&amp;B, offering a fresh take on his blues legacy.<\/p>","protected":false},"featured_media":376,"comment_status":"closed","ping_status":"closed","template":"","meta":{"_acf_changed":false,"site-sidebar-layout":"default","site-content-layout":"","ast-site-content-layout":"default","site-content-style":"default","site-sidebar-style":"default","ast-global-header-display":"","ast-banner-title-visibility":"","ast-main-header-display":"","ast-hfb-above-header-display":"","ast-hfb-below-header-display":"","ast-hfb-mobile-header-display":"","site-post-title":"","ast-breadcrumbs-content":"","ast-featured-img":"","footer-sml-layout":"","theme-transparent-header-meta":"default","adv-header-id-meta":"","stick-header-meta":"","header-above-stick-meta":"","header-main-stick-meta":"","header-below-stick-meta":"","astra-migrate-meta-layouts":"set","ast-page-background-enabled":"default","ast-page-background-meta":{"desktop":{"background-color":"var(--ast-global-color-5)","background-image":"","background-repeat":"repeat","background-position":"center center","background-size":"auto","background-attachment":"scroll","background-type":"","background-media":"","overlay-type":"","overlay-color":"","overlay-opacity":"","overlay-gradient":""},"tablet":{"background-color":"","background-image":"","background-repeat":"repeat","background-position":"center center","background-size":"auto","background-attachment":"scroll","background-type":"","background-media":"","overlay-type":"","overlay-color":"","overlay-opacity":"","overlay-gradient":""},"mobile":{"background-color":"","background-image":"","background-repeat":"repeat","background-position":"center center","background-size":"auto","background-attachment":"scroll","background-type":"","background-media":"","overlay-type":"","overlay-color":"","overlay-opacity":"","overlay-gradient":""}},"ast-content-background-meta":{"desktop":{"background-color":"var(--ast-global-color-4)","background-image":"","background-repeat":"repeat","background-position":"center center","background-size":"auto","background-attachment":"scroll","background-type":"","background-media":"","overlay-type":"","overlay-color":"","overlay-opacity":"","overlay-gradient":""},"tablet":{"background-color":"var(--ast-global-color-4)","background-image":"","background-repeat":"repeat","background-position":"center center","background-size":"auto","background-attachment":"scroll","background-type":"","background-media":"","overlay-type":"","overlay-color":"","overlay-opacity":"","overlay-gradient":""},"mobile":{"background-color":"var(--ast-global-color-4)","background-image":"","background-repeat":"repeat","background-position":"center center","background-size":"auto","background-attachment":"scroll","background-type":"","background-media":"","overlay-type":"","overlay-color":"","overlay-opacity":"","overlay-gradient":""}}},"product_brand":[],"product_cat":[56],"product_tag":[],"class_list":{"0":"post-3919","1":"product","2":"type-product","3":"status-publish","4":"has-post-thumbnail","6":"product_cat-uncategorized","7":"desktop-align-left","8":"tablet-align-left","9":"mobile-align-left","11":"first","12":"instock","13":"shipping-taxable","14":"purchasable","15":"product-type-simple"},"acf":[],"_links":{"self":[{"href":"https:\/\/johnleehookerjr.com\/de\/wp-json\/wp\/v2\/product\/3919","targetHints":{"allow":["GET"]}}],"collection":[{"href":"https:\/\/johnleehookerjr.com\/de\/wp-json\/wp\/v2\/product"}],"about":[{"href":"https:\/\/johnleehookerjr.com\/de\/wp-json\/wp\/v2\/types\/product"}],"replies":[{"embeddable":true,"href":"https:\/\/johnleehookerjr.com\/de\/wp-json\/wp\/v2\/comments?post=3919"}],"wp:featuredmedia":[{"embeddable":true,"href":"https:\/\/johnleehookerjr.com\/de\/wp-json\/wp\/v2\/media\/376"}],"wp:attachment":[{"href":"https:\/\/johnleehookerjr.com\/de\/wp-json\/wp\/v2\/media?parent=3919"}],"wp:term":[{"taxonomy":"product_brand","embeddable":true,"href":"https:\/\/johnleehookerjr.com\/de\/wp-json\/wp\/v2\/product_brand?post=3919"},{"taxonomy":"product_cat","embeddable":true,"href":"https:\/\/johnleehookerjr.com\/de\/wp-json\/wp\/v2\/product_cat?post=3919"},{"taxonomy":"product_tag","embeddable":true,"href":"https:\/\/johnleehookerjr.com\/de\/wp-json\/wp\/v2\/product_tag?post=3919"}],"curies":[{"name":"wp","href":"https:\/\/api.w.org\/{rel}","templated":true}]}}