{"id":3596,"date":"2025-03-04T00:39:31","date_gmt":"2025-03-03T23:39:31","guid":{"rendered":"https:\/\/johnleehookerjr.com\/?post_type=product&#038;p=3596"},"modified":"2025-03-04T23:54:28","modified_gmt":"2025-03-04T22:54:28","slug":"live-in-istanbul","status":"publish","type":"product","link":"https:\/\/johnleehookerjr.com\/de\/produkt\/live-in-istanbul","title":{"rendered":"Live in Istanbul"},"content":{"rendered":"<p>\"Live in Istanbul, Turkey\" ist ein lebendiges Live-Album des Blues-K\u00fcnstlers John Lee Hooker Jr., das seine dynamische Performance in Istanbul einf\u00e4ngt. 2010 ver\u00f6ffentlicht, zeigt das Album Hooker Jr.s polierten, modernen Blues-Stil, der sich von dem rohen Delta-Blues seines legend\u00e4ren Vaters unterscheidet. Die Aufnahme enth\u00e4lt Originalkompositionen wie \u201eSuspicion\u201c, eine Blues-Power-Ballade im Stil von B.B. King, und \u201eOne Eye Opened\u201c, einen engen, humorvollen Track, sowie Cover von John Lee Hooker Sr.s Klassikern. Der Sound des Albums reicht von Chicago-Blues-Rock \u00fcber Soul, Boogie-Woogie bis hin zu Funk und demonstriert Hooker Jr.s Vielseitigkeit und K\u00f6nnen als Songwriter und Performer.<\/p>\n<p><strong>Trackliste: <\/strong>Introduction, Suspicious, People Want a Change, It\u2019s a Shame, Fed Up, Funky Funk, You make my Life brand new, They hatin\u2019 on me, One Eye opened, Wait until my Change come, Maudie, Boom Boom, Doin\u2019 the Boogie, Talk too much<\/p>","protected":false},"excerpt":{"rendered":"<p>Live in Istanbul, Turkey by John Lee Hooker Jr. is a 2010 live album that blends Chicago blues-rock, soul, boogie-woogie, and funk, featuring original songs and covers of his father&#8217;s classics.<\/p>","protected":false},"featured_media":374,"comment_status":"closed","ping_status":"closed","template":"","meta":{"_acf_changed":false,"site-sidebar-layout":"default","site-content-layout":"","ast-site-content-layout":"default","site-content-style":"default","site-sidebar-style":"default","ast-global-header-display":"","ast-banner-title-visibility":"","ast-main-header-display":"","ast-hfb-above-header-display":"","ast-hfb-below-header-display":"","ast-hfb-mobile-header-display":"","site-post-title":"","ast-breadcrumbs-content":"","ast-featured-img":"","footer-sml-layout":"","theme-transparent-header-meta":"default","adv-header-id-meta":"","stick-header-meta":"","header-above-stick-meta":"","header-main-stick-meta":"","header-below-stick-meta":"","astra-migrate-meta-layouts":"set","ast-page-background-enabled":"default","ast-page-background-meta":{"desktop":{"background-color":"var(--ast-global-color-5)","background-image":"","background-repeat":"repeat","background-position":"center center","background-size":"auto","background-attachment":"scroll","background-type":"","background-media":"","overlay-type":"","overlay-color":"","overlay-opacity":"","overlay-gradient":""},"tablet":{"background-color":"","background-image":"","background-repeat":"repeat","background-position":"center center","background-size":"auto","background-attachment":"scroll","background-type":"","background-media":"","overlay-type":"","overlay-color":"","overlay-opacity":"","overlay-gradient":""},"mobile":{"background-color":"","background-image":"","background-repeat":"repeat","background-position":"center center","background-size":"auto","background-attachment":"scroll","background-type":"","background-media":"","overlay-type":"","overlay-color":"","overlay-opacity":"","overlay-gradient":""}},"ast-content-background-meta":{"desktop":{"background-color":"var(--ast-global-color-4)","background-image":"","background-repeat":"repeat","background-position":"center center","background-size":"auto","background-attachment":"scroll","background-type":"","background-media":"","overlay-type":"","overlay-color":"","overlay-opacity":"","overlay-gradient":""},"tablet":{"background-color":"var(--ast-global-color-4)","background-image":"","background-repeat":"repeat","background-position":"center center","background-size":"auto","background-attachment":"scroll","background-type":"","background-media":"","overlay-type":"","overlay-color":"","overlay-opacity":"","overlay-gradient":""},"mobile":{"background-color":"var(--ast-global-color-4)","background-image":"","background-repeat":"repeat","background-position":"center center","background-size":"auto","background-attachment":"scroll","background-type":"","background-media":"","overlay-type":"","overlay-color":"","overlay-opacity":"","overlay-gradient":""}}},"product_brand":[],"product_cat":[56],"product_tag":[],"class_list":{"0":"post-3596","1":"product","2":"type-product","3":"status-publish","4":"has-post-thumbnail","6":"product_cat-uncategorized","7":"desktop-align-left","8":"tablet-align-left","9":"mobile-align-left","11":"first","12":"instock","13":"shipping-taxable","14":"purchasable","15":"product-type-simple"},"acf":[],"_links":{"self":[{"href":"https:\/\/johnleehookerjr.com\/de\/wp-json\/wp\/v2\/product\/3596","targetHints":{"allow":["GET"]}}],"collection":[{"href":"https:\/\/johnleehookerjr.com\/de\/wp-json\/wp\/v2\/product"}],"about":[{"href":"https:\/\/johnleehookerjr.com\/de\/wp-json\/wp\/v2\/types\/product"}],"replies":[{"embeddable":true,"href":"https:\/\/johnleehookerjr.com\/de\/wp-json\/wp\/v2\/comments?post=3596"}],"wp:featuredmedia":[{"embeddable":true,"href":"https:\/\/johnleehookerjr.com\/de\/wp-json\/wp\/v2\/media\/374"}],"wp:attachment":[{"href":"https:\/\/johnleehookerjr.com\/de\/wp-json\/wp\/v2\/media?parent=3596"}],"wp:term":[{"taxonomy":"product_brand","embeddable":true,"href":"https:\/\/johnleehookerjr.com\/de\/wp-json\/wp\/v2\/product_brand?post=3596"},{"taxonomy":"product_cat","embeddable":true,"href":"https:\/\/johnleehookerjr.com\/de\/wp-json\/wp\/v2\/product_cat?post=3596"},{"taxonomy":"product_tag","embeddable":true,"href":"https:\/\/johnleehookerjr.com\/de\/wp-json\/wp\/v2\/product_tag?post=3596"}],"curies":[{"name":"wp","href":"https:\/\/api.w.org\/{rel}","templated":true}]}}