{"id":3536,"date":"2025-03-03T09:34:32","date_gmt":"2025-03-03T08:34:32","guid":{"rendered":"https:\/\/johnleehookerjr.com\/?post_type=product&#038;p=3536"},"modified":"2025-03-04T23:51:44","modified_gmt":"2025-03-04T22:51:44","slug":"cold-as-ice","status":"publish","type":"product","link":"https:\/\/johnleehookerjr.com\/de\/produkt\/cold-as-ice","title":{"rendered":"Cold As Ice"},"content":{"rendered":"<p>\"Cold as Ice\" ist das zweite Studioalbum des zweimal f\u00fcr den Grammy nominierten K\u00fcnstlers John Lee Hooker Jr., das 2006 ver\u00f6ffentlicht wurde. Auf 54 Minuten bietet das Album eine kraftvolle Mischung aus urbanem Blues, angereichert mit Funk- und Jazz-Elementen. In zw\u00f6lf elektrisierenden Tracks erkundet Hooker Jr. Themen wie Herzschmerz, \u00dcberleben und Erl\u00f6sung, unterst\u00fctzt von seinem markanten Gesang und einer dynamischen Band. In Oakland, Kalifornien, aufgenommen, zeigt \"Cold as Ice\" seine F\u00e4higkeit, traditionelle Blues-Wurzeln mit einer modernen Kante zu verbinden.<\/p>\n<p><strong>Trackliste:\u00a0<\/strong>You Blew It Baby, Fed Up, Cold As Ice, Somebody\u2019s Out To Get Me, Do Daddy (Requiem for John Lee Hooker), Wait Until My Change Comes, 4 Hours Straight \/ Blues Man, Trapped, I\u2019m In The Mood, I Got To Be Me, Oh Baby, Eva\u2019body Pays Attention<\/p>","protected":false},"excerpt":{"rendered":"<p>Cold as Ice by John Lee Hooker Jr. blends urban blues with funk and jazz, delivering twelve powerful tracks with raw vocals and modern energy.<\/p>","protected":false},"featured_media":372,"comment_status":"closed","ping_status":"closed","template":"","meta":{"_acf_changed":false,"site-sidebar-layout":"default","site-content-layout":"","ast-site-content-layout":"default","site-content-style":"default","site-sidebar-style":"default","ast-global-header-display":"","ast-banner-title-visibility":"","ast-main-header-display":"","ast-hfb-above-header-display":"","ast-hfb-below-header-display":"","ast-hfb-mobile-header-display":"","site-post-title":"","ast-breadcrumbs-content":"","ast-featured-img":"","footer-sml-layout":"","theme-transparent-header-meta":"default","adv-header-id-meta":"","stick-header-meta":"","header-above-stick-meta":"","header-main-stick-meta":"","header-below-stick-meta":"","astra-migrate-meta-layouts":"set","ast-page-background-enabled":"default","ast-page-background-meta":{"desktop":{"background-color":"var(--ast-global-color-5)","background-image":"","background-repeat":"repeat","background-position":"center center","background-size":"auto","background-attachment":"scroll","background-type":"","background-media":"","overlay-type":"","overlay-color":"","overlay-opacity":"","overlay-gradient":""},"tablet":{"background-color":"","background-image":"","background-repeat":"repeat","background-position":"center center","background-size":"auto","background-attachment":"scroll","background-type":"","background-media":"","overlay-type":"","overlay-color":"","overlay-opacity":"","overlay-gradient":""},"mobile":{"background-color":"","background-image":"","background-repeat":"repeat","background-position":"center center","background-size":"auto","background-attachment":"scroll","background-type":"","background-media":"","overlay-type":"","overlay-color":"","overlay-opacity":"","overlay-gradient":""}},"ast-content-background-meta":{"desktop":{"background-color":"var(--ast-global-color-4)","background-image":"","background-repeat":"repeat","background-position":"center center","background-size":"auto","background-attachment":"scroll","background-type":"","background-media":"","overlay-type":"","overlay-color":"","overlay-opacity":"","overlay-gradient":""},"tablet":{"background-color":"var(--ast-global-color-4)","background-image":"","background-repeat":"repeat","background-position":"center center","background-size":"auto","background-attachment":"scroll","background-type":"","background-media":"","overlay-type":"","overlay-color":"","overlay-opacity":"","overlay-gradient":""},"mobile":{"background-color":"var(--ast-global-color-4)","background-image":"","background-repeat":"repeat","background-position":"center center","background-size":"auto","background-attachment":"scroll","background-type":"","background-media":"","overlay-type":"","overlay-color":"","overlay-opacity":"","overlay-gradient":""}}},"product_brand":[],"product_cat":[56],"product_tag":[],"class_list":{"0":"post-3536","1":"product","2":"type-product","3":"status-publish","4":"has-post-thumbnail","6":"product_cat-uncategorized","7":"desktop-align-left","8":"tablet-align-left","9":"mobile-align-left","11":"first","12":"instock","13":"shipping-taxable","14":"purchasable","15":"product-type-simple"},"acf":[],"_links":{"self":[{"href":"https:\/\/johnleehookerjr.com\/de\/wp-json\/wp\/v2\/product\/3536","targetHints":{"allow":["GET"]}}],"collection":[{"href":"https:\/\/johnleehookerjr.com\/de\/wp-json\/wp\/v2\/product"}],"about":[{"href":"https:\/\/johnleehookerjr.com\/de\/wp-json\/wp\/v2\/types\/product"}],"replies":[{"embeddable":true,"href":"https:\/\/johnleehookerjr.com\/de\/wp-json\/wp\/v2\/comments?post=3536"}],"wp:featuredmedia":[{"embeddable":true,"href":"https:\/\/johnleehookerjr.com\/de\/wp-json\/wp\/v2\/media\/372"}],"wp:attachment":[{"href":"https:\/\/johnleehookerjr.com\/de\/wp-json\/wp\/v2\/media?parent=3536"}],"wp:term":[{"taxonomy":"product_brand","embeddable":true,"href":"https:\/\/johnleehookerjr.com\/de\/wp-json\/wp\/v2\/product_brand?post=3536"},{"taxonomy":"product_cat","embeddable":true,"href":"https:\/\/johnleehookerjr.com\/de\/wp-json\/wp\/v2\/product_cat?post=3536"},{"taxonomy":"product_tag","embeddable":true,"href":"https:\/\/johnleehookerjr.com\/de\/wp-json\/wp\/v2\/product_tag?post=3536"}],"curies":[{"name":"wp","href":"https:\/\/api.w.org\/{rel}","templated":true}]}}