{"id":3174,"date":"2025-02-28T19:21:41","date_gmt":"2025-02-28T18:21:41","guid":{"rendered":"https:\/\/johnleehookerjr.com\/?post_type=product&#038;p=3174"},"modified":"2025-03-04T23:02:32","modified_gmt":"2025-03-04T22:02:32","slug":"testify","status":"publish","type":"product","link":"https:\/\/johnleehookerjr.com\/de\/produkt\/testify","title":{"rendered":"Testify"},"content":{"rendered":"<p>\"Testify\" ist das kraftvolle Gospel-Album des zweimal f\u00fcr den Grammy nominierten K\u00fcnstlers Reverend John Lee Hooker Jr., das seine pers\u00f6nliche Reise von der Dunkelheit hin zu spiritueller Erweckung widerspiegelt. Mit einer Mischung aus Blues, Rhythmus und Funk liefert Hooker Jr. elf fesselnde Tracks, die autobiografische Geschichten von Erl\u00f6sung und Glauben erz\u00e4hlen. Unterst\u00fctzt von erstklassigen Musikern wie Produzent Larry Batiste und dem Mundharmonika-Virtuosen Charlie Musselwhite, vereint das Album meisterhaft traditionelle Blues-Elemente mit ermutigenden Gospel-Botschaften. \"Testify\" ist ein rohes und authentisches Zeugnis f\u00fcr Hooker Jr.s Hingabe und musikalische Exzellenz.<\/p>\n<p><strong>Trackliste: <\/strong>Listen To The Spirit (ft. Charlie Musselwhite &amp; Eddie M.), Preach It Like It Is, Testify (ft. Alvon Johnson), Let That Devil Go (ft. Jeffrey James Horan), We Are Soldiers, His Holy Name, My God Is Holy (Single Edit), Strive To Be Like Jesus, Praying, Amazing Grace (ft. Eddie M.), My God Is Holy (Bonus Track)<\/p>","protected":false},"excerpt":{"rendered":"<p><strong>&#8220;Testify&#8221;<\/strong> by Reverend John Lee Hooker Jr. blends blues, funk, and gospel into a powerful journey of faith and redemption. Featuring top musicians like Charlie Musselwhite, the album delivers soulful, autobiographical stories with spiritual depth and musical excellence.<\/p>","protected":false},"featured_media":364,"comment_status":"closed","ping_status":"closed","template":"","meta":{"_acf_changed":false,"site-sidebar-layout":"default","site-content-layout":"","ast-site-content-layout":"default","site-content-style":"default","site-sidebar-style":"default","ast-global-header-display":"","ast-banner-title-visibility":"","ast-main-header-display":"","ast-hfb-above-header-display":"","ast-hfb-below-header-display":"","ast-hfb-mobile-header-display":"","site-post-title":"","ast-breadcrumbs-content":"","ast-featured-img":"","footer-sml-layout":"","theme-transparent-header-meta":"default","adv-header-id-meta":"","stick-header-meta":"","header-above-stick-meta":"","header-main-stick-meta":"","header-below-stick-meta":"","astra-migrate-meta-layouts":"set","ast-page-background-enabled":"default","ast-page-background-meta":{"desktop":{"background-color":"var(--ast-global-color-5)","background-image":"","background-repeat":"repeat","background-position":"center center","background-size":"auto","background-attachment":"scroll","background-type":"","background-media":"","overlay-type":"","overlay-color":"","overlay-opacity":"","overlay-gradient":""},"tablet":{"background-color":"","background-image":"","background-repeat":"repeat","background-position":"center center","background-size":"auto","background-attachment":"scroll","background-type":"","background-media":"","overlay-type":"","overlay-color":"","overlay-opacity":"","overlay-gradient":""},"mobile":{"background-color":"","background-image":"","background-repeat":"repeat","background-position":"center center","background-size":"auto","background-attachment":"scroll","background-type":"","background-media":"","overlay-type":"","overlay-color":"","overlay-opacity":"","overlay-gradient":""}},"ast-content-background-meta":{"desktop":{"background-color":"var(--ast-global-color-4)","background-image":"","background-repeat":"repeat","background-position":"center center","background-size":"auto","background-attachment":"scroll","background-type":"","background-media":"","overlay-type":"","overlay-color":"","overlay-opacity":"","overlay-gradient":""},"tablet":{"background-color":"var(--ast-global-color-4)","background-image":"","background-repeat":"repeat","background-position":"center center","background-size":"auto","background-attachment":"scroll","background-type":"","background-media":"","overlay-type":"","overlay-color":"","overlay-opacity":"","overlay-gradient":""},"mobile":{"background-color":"var(--ast-global-color-4)","background-image":"","background-repeat":"repeat","background-position":"center center","background-size":"auto","background-attachment":"scroll","background-type":"","background-media":"","overlay-type":"","overlay-color":"","overlay-opacity":"","overlay-gradient":""}}},"product_brand":[],"product_cat":[56],"product_tag":[],"class_list":{"0":"post-3174","1":"product","2":"type-product","3":"status-publish","4":"has-post-thumbnail","6":"product_cat-uncategorized","7":"desktop-align-left","8":"tablet-align-left","9":"mobile-align-left","11":"first","12":"instock","13":"shipping-taxable","14":"purchasable","15":"product-type-simple"},"acf":[],"_links":{"self":[{"href":"https:\/\/johnleehookerjr.com\/de\/wp-json\/wp\/v2\/product\/3174","targetHints":{"allow":["GET"]}}],"collection":[{"href":"https:\/\/johnleehookerjr.com\/de\/wp-json\/wp\/v2\/product"}],"about":[{"href":"https:\/\/johnleehookerjr.com\/de\/wp-json\/wp\/v2\/types\/product"}],"replies":[{"embeddable":true,"href":"https:\/\/johnleehookerjr.com\/de\/wp-json\/wp\/v2\/comments?post=3174"}],"wp:featuredmedia":[{"embeddable":true,"href":"https:\/\/johnleehookerjr.com\/de\/wp-json\/wp\/v2\/media\/364"}],"wp:attachment":[{"href":"https:\/\/johnleehookerjr.com\/de\/wp-json\/wp\/v2\/media?parent=3174"}],"wp:term":[{"taxonomy":"product_brand","embeddable":true,"href":"https:\/\/johnleehookerjr.com\/de\/wp-json\/wp\/v2\/product_brand?post=3174"},{"taxonomy":"product_cat","embeddable":true,"href":"https:\/\/johnleehookerjr.com\/de\/wp-json\/wp\/v2\/product_cat?post=3174"},{"taxonomy":"product_tag","embeddable":true,"href":"https:\/\/johnleehookerjr.com\/de\/wp-json\/wp\/v2\/product_tag?post=3174"}],"curies":[{"name":"wp","href":"https:\/\/api.w.org\/{rel}","templated":true}]}}